{"id":17967,"date":"2019-12-20T08:03:43","date_gmt":"2019-12-20T08:03:43","guid":{"rendered":"https:\/\/www.objectifhorlogerie.com\/the-guide\/"},"modified":"2026-03-26T15:04:35","modified_gmt":"2026-03-26T15:04:35","slug":"guide","status":"publish","type":"page","link":"https:\/\/www.objectifhorlogerie.com\/en\/guide\/","title":{"rendered":"The Guide"},"content":{"rendered":"","protected":false},"excerpt":{"rendered":"","protected":false},"author":1,"featured_media":0,"parent":0,"menu_order":0,"comment_status":"closed","ping_status":"closed","template":"template-blog-horloger.php","meta":{"footnotes":""},"class_list":["post-17967","page","type-page","status-publish","hentry"],"yoast_head":"<!-- This site is optimized with the Yoast SEO plugin v27.3 - https:\/\/yoast.com\/product\/yoast-seo-wordpress\/ -->\n<title>Objectif Horlogerie&#039;s watch blog: watch news and information<\/title>\n<meta name=\"description\" content=\"On our watch blog: keep up to date with news from Objectif Horlogerie and the world of watchmaking.\" \/>\n<meta name=\"robots\" content=\"index, follow, max-snippet:-1, max-image-preview:large, max-video-preview:-1\" \/>\n<link rel=\"canonical\" href=\"https:\/\/www.objectifhorlogerie.com\/en\/guide\/\" \/>\n<meta property=\"og:locale\" content=\"en_US\" \/>\n<meta property=\"og:type\" content=\"article\" \/>\n<meta property=\"og:title\" content=\"Objectif Horlogerie&#039;s watch blog: watch news and information\" \/>\n<meta property=\"og:description\" content=\"On our watch blog: keep up to date with news from Objectif Horlogerie and the world of watchmaking.\" \/>\n<meta property=\"og:url\" content=\"https:\/\/www.objectifhorlogerie.com\/en\/guide\/\" \/>\n<meta property=\"og:site_name\" content=\"Objectif Horlogerie : le sp\u00e9cialiste des cours et stages en horlogerie\" \/>\n<meta property=\"article:modified_time\" content=\"2026-03-26T15:04:35+00:00\" \/>\n<meta name=\"twitter:card\" content=\"summary_large_image\" \/>\n<!-- \/ Yoast SEO plugin. -->","yoast_head_json":{"title":"Objectif Horlogerie's watch blog: watch news and information","description":"On our watch blog: keep up to date with news from Objectif Horlogerie and the world of watchmaking.","robots":{"index":"index","follow":"follow","max-snippet":"max-snippet:-1","max-image-preview":"max-image-preview:large","max-video-preview":"max-video-preview:-1"},"canonical":"https:\/\/www.objectifhorlogerie.com\/en\/guide\/","og_locale":"en_US","og_type":"article","og_title":"Objectif Horlogerie's watch blog: watch news and information","og_description":"On our watch blog: keep up to date with news from Objectif Horlogerie and the world of watchmaking.","og_url":"https:\/\/www.objectifhorlogerie.com\/en\/guide\/","og_site_name":"Objectif Horlogerie : le sp\u00e9cialiste des cours et stages en horlogerie","article_modified_time":"2026-03-26T15:04:35+00:00","twitter_card":"summary_large_image","schema":{"@context":"https:\/\/schema.org","@graph":[{"@type":"WebPage","@id":"https:\/\/www.objectifhorlogerie.com\/en\/guide\/","url":"https:\/\/www.objectifhorlogerie.com\/en\/guide\/","name":"Objectif Horlogerie's watch blog: watch news and information","isPartOf":{"@id":"https:\/\/www.objectifhorlogerie.com\/en\/#website"},"datePublished":"2019-12-20T08:03:43+00:00","dateModified":"2026-03-26T15:04:35+00:00","description":"On our watch blog: keep up to date with news from Objectif Horlogerie and the world of watchmaking.","breadcrumb":{"@id":"https:\/\/www.objectifhorlogerie.com\/en\/guide\/#breadcrumb"},"inLanguage":"en-US","potentialAction":[{"@type":"ReadAction","target":["https:\/\/www.objectifhorlogerie.com\/en\/guide\/"]}]},{"@type":"BreadcrumbList","@id":"https:\/\/www.objectifhorlogerie.com\/en\/guide\/#breadcrumb","itemListElement":[{"@type":"ListItem","position":1,"name":"Accueil","item":"https:\/\/www.objectifhorlogerie.com\/en\/"},{"@type":"ListItem","position":2,"name":"The Guide"}]},{"@type":"WebSite","@id":"https:\/\/www.objectifhorlogerie.com\/en\/#website","url":"https:\/\/www.objectifhorlogerie.com\/en\/","name":"%%title%% : Objectif Horlogerie","description":"Depuis plus de 10 ans, la r\u00e9f\u00e9rence des initiations \u00e0 l&#039;horlogerie pour tous.","publisher":{"@id":"https:\/\/www.objectifhorlogerie.com\/en\/#organization"},"potentialAction":[{"@type":"SearchAction","target":{"@type":"EntryPoint","urlTemplate":"https:\/\/www.objectifhorlogerie.com\/en\/?s={search_term_string}"},"query-input":{"@type":"PropertyValueSpecification","valueRequired":true,"valueName":"search_term_string"}}],"inLanguage":"en-US"},{"@type":"Organization","@id":"https:\/\/www.objectifhorlogerie.com\/en\/#organization","name":"%%title%% : Objectif Horlogerie","url":"https:\/\/www.objectifhorlogerie.com\/en\/","logo":{"@type":"ImageObject","inLanguage":"en-US","@id":"https:\/\/www.objectifhorlogerie.com\/en\/#\/schema\/logo\/image\/","url":"https:\/\/www.objectifhorlogerie.com\/wp-content\/uploads\/2023\/09\/cropped-logo-oh.png","contentUrl":"https:\/\/www.objectifhorlogerie.com\/wp-content\/uploads\/2023\/09\/cropped-logo-oh.png","width":928,"height":321,"caption":"%%title%% : Objectif Horlogerie"},"image":{"@id":"https:\/\/www.objectifhorlogerie.com\/en\/#\/schema\/logo\/image\/"}}]}},"_links":{"self":[{"href":"https:\/\/www.objectifhorlogerie.com\/en\/wp-json\/wp\/v2\/pages\/17967","targetHints":{"allow":["GET"]}}],"collection":[{"href":"https:\/\/www.objectifhorlogerie.com\/en\/wp-json\/wp\/v2\/pages"}],"about":[{"href":"https:\/\/www.objectifhorlogerie.com\/en\/wp-json\/wp\/v2\/types\/page"}],"author":[{"embeddable":true,"href":"https:\/\/www.objectifhorlogerie.com\/en\/wp-json\/wp\/v2\/users\/1"}],"replies":[{"embeddable":true,"href":"https:\/\/www.objectifhorlogerie.com\/en\/wp-json\/wp\/v2\/comments?post=17967"}],"version-history":[{"count":3,"href":"https:\/\/www.objectifhorlogerie.com\/en\/wp-json\/wp\/v2\/pages\/17967\/revisions"}],"predecessor-version":[{"id":24996,"href":"https:\/\/www.objectifhorlogerie.com\/en\/wp-json\/wp\/v2\/pages\/17967\/revisions\/24996"}],"wp:attachment":[{"href":"https:\/\/www.objectifhorlogerie.com\/en\/wp-json\/wp\/v2\/media?parent=17967"}],"curies":[{"name":"wp","href":"https:\/\/api.w.org\/{rel}","templated":true}]}}