{"id":21789,"date":"2024-06-10T20:56:17","date_gmt":"2024-06-10T20:56:17","guid":{"rendered":"https:\/\/www.objectifhorlogerie.com\/?page_id=21789"},"modified":"2024-07-04T12:26:09","modified_gmt":"2024-07-04T12:26:09","slug":"our-workshops-in-canada","status":"publish","type":"page","link":"https:\/\/www.objectifhorlogerie.com\/en\/our-workshops-in-canada\/","title":{"rendered":"Our workshops in Canada"},"content":{"rendered":"\t\t<div data-elementor-type=\"wp-page\" data-elementor-id=\"21789\" class=\"elementor elementor-21789 elementor-21788\" data-elementor-post-type=\"page\">\n\t\t\t\t\t\t<section class=\"elementor-section elementor-top-section elementor-element elementor-element-0615879 elementor-section-boxed elementor-section-height-default elementor-section-height-default\" data-id=\"0615879\" data-element_type=\"section\" data-e-type=\"section\" data-settings=\"{&quot;background_background&quot;:&quot;classic&quot;}\">\n\t\t\t\t\t\t\t<div class=\"elementor-background-overlay\"><\/div>\n\t\t\t\t\t\t\t<div class=\"elementor-container elementor-column-gap-no\">\n\t\t\t\t\t<div class=\"elementor-column elementor-col-100 elementor-top-column elementor-element elementor-element-8c55577\" data-id=\"8c55577\" data-element_type=\"column\" data-e-type=\"column\">\n\t\t\t<div class=\"elementor-widget-wrap elementor-element-populated\">\n\t\t\t\t\t\t<div class=\"elementor-element elementor-element-0a6bcb0 elementor-widget-mobile__width-initial elementor-invisible elementor-widget elementor-widget-heading\" data-id=\"0a6bcb0\" data-element_type=\"widget\" data-e-type=\"widget\" data-settings=\"{&quot;_animation&quot;:&quot;slideInLeft&quot;}\" data-widget_type=\"heading.default\">\n\t\t\t\t<div class=\"elementor-widget-container\">\n\t\t\t\t\t<h1 class=\"elementor-heading-title elementor-size-default\">Our workshops in Canada<\/h1>\t\t\t\t<\/div>\n\t\t\t\t<\/div>\n\t\t\t\t<div class=\"elementor-element elementor-element-5a78206 elementor-widget-mobile__width-initial elementor-widget elementor-widget-text-editor\" data-id=\"5a78206\" data-element_type=\"widget\" data-e-type=\"widget\" data-widget_type=\"text-editor.default\">\n\t\t\t\t<div class=\"elementor-widget-container\">\n\t\t\t\t\t\t\t\t\t<p>Discover the mysteries of timepieces in our introductory watchmaking workshop!<br \/>Find the city of your choice among our availabilities in Canada.<\/p>\n\t\t\t\t\t\t\t\t<\/div>\n\t\t\t\t<\/div>\n\t\t\t\t\t<\/div>\n\t\t<\/div>\n\t\t\t\t\t<\/div>\n\t\t<\/section>\n\t\t\t\t<section class=\"elementor-section elementor-top-section elementor-element elementor-element-d51cc7a elementor-section-boxed elementor-section-height-default elementor-section-height-default\" data-id=\"d51cc7a\" data-element_type=\"section\" data-e-type=\"section\" data-settings=\"{&quot;background_background&quot;:&quot;classic&quot;}\">\n\t\t\t\t\t\t<div class=\"elementor-container elementor-column-gap-wide\">\n\t\t\t\t\t<div class=\"elementor-column elementor-col-50 elementor-top-column elementor-element elementor-element-cf8e365\" data-id=\"cf8e365\" data-element_type=\"column\" data-e-type=\"column\" data-settings=\"{&quot;background_background&quot;:&quot;classic&quot;}\">\n\t\t\t<div class=\"elementor-widget-wrap elementor-element-populated\">\n\t\t\t\t\t\t<section class=\"elementor-section elementor-inner-section elementor-element elementor-element-4d0e76a elementor-section-boxed elementor-section-height-default elementor-section-height-default elementor-invisible\" data-id=\"4d0e76a\" data-element_type=\"section\" data-e-type=\"section\" data-settings=\"{&quot;background_background&quot;:&quot;classic&quot;,&quot;animation&quot;:&quot;slideInLeft&quot;}\">\n\t\t\t\t\t\t<div class=\"elementor-container elementor-column-gap-no\">\n\t\t\t\t\t<div class=\"elementor-column elementor-col-100 elementor-inner-column elementor-element elementor-element-f476b2e\" data-id=\"f476b2e\" data-element_type=\"column\" data-e-type=\"column\">\n\t\t\t<div class=\"elementor-widget-wrap elementor-element-populated\">\n\t\t\t\t\t\t<div class=\"elementor-element elementor-element-56730b3 elementor-widget elementor-widget-image\" data-id=\"56730b3\" data-element_type=\"widget\" data-e-type=\"widget\" data-widget_type=\"image.default\">\n\t\t\t\t<div class=\"elementor-widget-container\">\n\t\t\t\t\t\t\t\t\t\t\t\t\t\t\t\t<a href=\"https:\/\/www.objectifhorlogerie.com\/en\/watchmaking-courses-in-montreal\/\">\n\t\t\t\t\t\t\t<img fetchpriority=\"high\" decoding=\"async\" width=\"768\" height=\"512\" src=\"https:\/\/www.objectifhorlogerie.com\/wp-content\/uploads\/2018\/02\/Master-Time-2-768x512.jpg\" class=\"attachment-medium_large size-medium_large wp-image-16642\" alt=\"\" srcset=\"https:\/\/www.objectifhorlogerie.com\/wp-content\/uploads\/2018\/02\/Master-Time-2-768x512.jpg 768w, https:\/\/www.objectifhorlogerie.com\/wp-content\/uploads\/2018\/02\/Master-Time-2-600x400.jpg 600w, https:\/\/www.objectifhorlogerie.com\/wp-content\/uploads\/2018\/02\/Master-Time-2-300x200.jpg 300w, https:\/\/www.objectifhorlogerie.com\/wp-content\/uploads\/2018\/02\/Master-Time-2-1024x683.jpg 1024w, https:\/\/www.objectifhorlogerie.com\/wp-content\/uploads\/2018\/02\/Master-Time-2.jpg 1280w\" sizes=\"(max-width: 768px) 100vw, 768px\" \/>\t\t\t\t\t\t\t\t<\/a>\n\t\t\t\t\t\t\t\t\t\t\t\t\t\t\t<\/div>\n\t\t\t\t<\/div>\n\t\t\t\t<div class=\"elementor-element elementor-element-603c014 elementor-widget elementor-widget-heading\" data-id=\"603c014\" data-element_type=\"widget\" data-e-type=\"widget\" data-widget_type=\"heading.default\">\n\t\t\t\t<div class=\"elementor-widget-container\">\n\t\t\t\t\t<h3 class=\"elementor-heading-title elementor-size-default\"><a href=\"https:\/\/themes.themeenergy.com\/activity\/escape-room\/platoss-secret-book\/\">ATELIER MONTREAL<\/a><\/h3>\t\t\t\t<\/div>\n\t\t\t\t<\/div>\n\t\t\t\t<div class=\"elementor-element elementor-element-c6f4ef5 elementor-align-justify elementor-widget elementor-widget-button\" data-id=\"c6f4ef5\" data-element_type=\"widget\" data-e-type=\"widget\" data-widget_type=\"button.default\">\n\t\t\t\t<div class=\"elementor-widget-container\">\n\t\t\t\t\t\t\t\t\t<div class=\"elementor-button-wrapper\">\n\t\t\t\t\t<a class=\"elementor-button elementor-button-link elementor-size-md\" href=\"https:\/\/www.objectifhorlogerie.com\/en\/watchmaking-courses-in-montreal\/\">\n\t\t\t\t\t\t<span class=\"elementor-button-content-wrapper\">\n\t\t\t\t\t\t\t\t\t<span class=\"elementor-button-text\">Book<\/span>\n\t\t\t\t\t<\/span>\n\t\t\t\t\t<\/a>\n\t\t\t\t<\/div>\n\t\t\t\t\t\t\t\t<\/div>\n\t\t\t\t<\/div>\n\t\t\t\t\t<\/div>\n\t\t<\/div>\n\t\t\t\t\t<\/div>\n\t\t<\/section>\n\t\t\t\t\t<\/div>\n\t\t<\/div>\n\t\t\t\t<div class=\"elementor-column elementor-col-50 elementor-top-column elementor-element elementor-element-d32b8c3\" data-id=\"d32b8c3\" data-element_type=\"column\" data-e-type=\"column\">\n\t\t\t<div class=\"elementor-widget-wrap elementor-element-populated\">\n\t\t\t\t\t\t<section class=\"elementor-section elementor-inner-section elementor-element elementor-element-b339694 elementor-section-boxed elementor-section-height-default elementor-section-height-default elementor-invisible\" data-id=\"b339694\" data-element_type=\"section\" data-e-type=\"section\" data-settings=\"{&quot;background_background&quot;:&quot;classic&quot;,&quot;animation&quot;:&quot;slideInUp&quot;}\">\n\t\t\t\t\t\t<div class=\"elementor-container elementor-column-gap-no\">\n\t\t\t\t\t<div class=\"elementor-column elementor-col-100 elementor-inner-column elementor-element elementor-element-172710e\" data-id=\"172710e\" data-element_type=\"column\" data-e-type=\"column\">\n\t\t\t<div class=\"elementor-widget-wrap elementor-element-populated\">\n\t\t\t\t\t\t<div class=\"elementor-element elementor-element-4126915 elementor-widget elementor-widget-image\" data-id=\"4126915\" data-element_type=\"widget\" data-e-type=\"widget\" data-widget_type=\"image.default\">\n\t\t\t\t<div class=\"elementor-widget-container\">\n\t\t\t\t\t\t\t\t\t\t\t\t\t\t\t\t<a href=\"https:\/\/www.objectifhorlogerie.com\/en\/watchmaking-courses-in-toronto\/\">\n\t\t\t\t\t\t\t<img decoding=\"async\" width=\"768\" height=\"513\" src=\"https:\/\/www.objectifhorlogerie.com\/wp-content\/uploads\/2018\/05\/DSC_0110_preview_800px-768x513.jpg\" class=\"attachment-medium_large size-medium_large wp-image-16728\" alt=\"\" srcset=\"https:\/\/www.objectifhorlogerie.com\/wp-content\/uploads\/2018\/05\/DSC_0110_preview_800px-768x513.jpg 768w, https:\/\/www.objectifhorlogerie.com\/wp-content\/uploads\/2018\/05\/DSC_0110_preview_800px-600x401.jpg 600w, https:\/\/www.objectifhorlogerie.com\/wp-content\/uploads\/2018\/05\/DSC_0110_preview_800px-300x200.jpg 300w, https:\/\/www.objectifhorlogerie.com\/wp-content\/uploads\/2018\/05\/DSC_0110_preview_800px.jpg 800w\" sizes=\"(max-width: 768px) 100vw, 768px\" \/>\t\t\t\t\t\t\t\t<\/a>\n\t\t\t\t\t\t\t\t\t\t\t\t\t\t\t<\/div>\n\t\t\t\t<\/div>\n\t\t\t\t<div class=\"elementor-element elementor-element-baa9162 elementor-widget elementor-widget-heading\" data-id=\"baa9162\" data-element_type=\"widget\" data-e-type=\"widget\" data-widget_type=\"heading.default\">\n\t\t\t\t<div class=\"elementor-widget-container\">\n\t\t\t\t\t<h3 class=\"elementor-heading-title elementor-size-default\"><a href=\"https:\/\/themes.themeenergy.com\/activity\/escape-room\/the-haunted-asylum\/\">TORONTO WORKSHOP<\/a><\/h3>\t\t\t\t<\/div>\n\t\t\t\t<\/div>\n\t\t\t\t<div class=\"elementor-element elementor-element-193a2f3 elementor-align-justify elementor-widget elementor-widget-button\" data-id=\"193a2f3\" data-element_type=\"widget\" data-e-type=\"widget\" data-widget_type=\"button.default\">\n\t\t\t\t<div class=\"elementor-widget-container\">\n\t\t\t\t\t\t\t\t\t<div class=\"elementor-button-wrapper\">\n\t\t\t\t\t<a class=\"elementor-button elementor-button-link elementor-size-md\" href=\"https:\/\/www.objectifhorlogerie.com\/en\/watchmaking-courses-in-toronto\/\">\n\t\t\t\t\t\t<span class=\"elementor-button-content-wrapper\">\n\t\t\t\t\t\t\t\t\t<span class=\"elementor-button-text\">Book<\/span>\n\t\t\t\t\t<\/span>\n\t\t\t\t\t<\/a>\n\t\t\t\t<\/div>\n\t\t\t\t\t\t\t\t<\/div>\n\t\t\t\t<\/div>\n\t\t\t\t\t<\/div>\n\t\t<\/div>\n\t\t\t\t\t<\/div>\n\t\t<\/section>\n\t\t\t\t\t<\/div>\n\t\t<\/div>\n\t\t\t\t\t<\/div>\n\t\t<\/section>\n\t\t<div class=\"elementor-element elementor-element-23e3b8f e-flex e-con-boxed e-con e-parent\" data-id=\"23e3b8f\" data-element_type=\"container\" data-e-type=\"container\" data-settings=\"{&quot;background_background&quot;:&quot;classic&quot;}\">\n\t\t\t\t\t<div class=\"e-con-inner\">\n\t\t<div class=\"elementor-element elementor-element-0380ce4 e-con-full e-flex e-con e-child\" data-id=\"0380ce4\" data-element_type=\"container\" data-e-type=\"container\">\n\t\t\t\t<div class=\"elementor-element elementor-element-ac19831 elementor-view-default elementor-position-block-start elementor-mobile-position-block-start elementor-widget elementor-widget-icon-box\" data-id=\"ac19831\" data-element_type=\"widget\" data-e-type=\"widget\" data-widget_type=\"icon-box.default\">\n\t\t\t\t<div class=\"elementor-widget-container\">\n\t\t\t\t\t\t\t<div class=\"elementor-icon-box-wrapper\">\n\n\t\t\t\t\t\t<div class=\"elementor-icon-box-icon\">\n\t\t\t\t<span  class=\"elementor-icon\">\n\t\t\t\t<i aria-hidden=\"true\" class=\"fas fa-money-check-alt\"><\/i>\t\t\t\t<\/span>\n\t\t\t<\/div>\n\t\t\t\n\t\t\t\t\t\t<div class=\"elementor-icon-box-content\">\n\n\t\t\t\t\t\t\t\t\t<h5 class=\"elementor-icon-box-title\">\n\t\t\t\t\t\t<span  >\n\t\t\t\t\t\t\tPAYMENT<br>SECURE\t\t\t\t\t\t<\/span>\n\t\t\t\t\t<\/h5>\n\t\t\t\t\n\t\t\t\t\n\t\t\t<\/div>\n\t\t\t\n\t\t<\/div>\n\t\t\t\t\t\t<\/div>\n\t\t\t\t<\/div>\n\t\t\t\t<\/div>\n\t\t<div class=\"elementor-element elementor-element-eca49e8 e-con-full e-flex e-con e-child\" data-id=\"eca49e8\" data-element_type=\"container\" data-e-type=\"container\">\n\t\t\t\t<div class=\"elementor-element elementor-element-e78fb14 elementor-view-default elementor-position-block-start elementor-mobile-position-block-start elementor-widget elementor-widget-icon-box\" data-id=\"e78fb14\" data-element_type=\"widget\" data-e-type=\"widget\" data-widget_type=\"icon-box.default\">\n\t\t\t\t<div class=\"elementor-widget-container\">\n\t\t\t\t\t\t\t<div class=\"elementor-icon-box-wrapper\">\n\n\t\t\t\t\t\t<div class=\"elementor-icon-box-icon\">\n\t\t\t\t<span  class=\"elementor-icon\">\n\t\t\t\t<i aria-hidden=\"true\" class=\"fas fa-star\"><\/i>\t\t\t\t<\/span>\n\t\t\t<\/div>\n\t\t\t\n\t\t\t\t\t\t<div class=\"elementor-icon-box-content\">\n\n\t\t\t\t\t\t\t\t\t<h5 class=\"elementor-icon-box-title\">\n\t\t\t\t\t\t<span  >\n\t\t\t\t\t\t\tCUSTOMER NOTICES<br>4,9\/5\t\t\t\t\t\t<\/span>\n\t\t\t\t\t<\/h5>\n\t\t\t\t\n\t\t\t\t\n\t\t\t<\/div>\n\t\t\t\n\t\t<\/div>\n\t\t\t\t\t\t<\/div>\n\t\t\t\t<\/div>\n\t\t\t\t<\/div>\n\t\t<div class=\"elementor-element elementor-element-e3270dd e-con-full e-flex e-con e-child\" data-id=\"e3270dd\" data-element_type=\"container\" data-e-type=\"container\">\n\t\t\t\t<div class=\"elementor-element elementor-element-7d3708f elementor-view-default elementor-position-block-start elementor-mobile-position-block-start elementor-widget elementor-widget-icon-box\" data-id=\"7d3708f\" data-element_type=\"widget\" data-e-type=\"widget\" data-widget_type=\"icon-box.default\">\n\t\t\t\t<div class=\"elementor-widget-container\">\n\t\t\t\t\t\t\t<div class=\"elementor-icon-box-wrapper\">\n\n\t\t\t\t\t\t<div class=\"elementor-icon-box-icon\">\n\t\t\t\t<span  class=\"elementor-icon\">\n\t\t\t\t<i aria-hidden=\"true\" class=\"fas fa-gift\"><\/i>\t\t\t\t<\/span>\n\t\t\t<\/div>\n\t\t\t\n\t\t\t\t\t\t<div class=\"elementor-icon-box-content\">\n\n\t\t\t\t\t\t\t\t\t<h5 class=\"elementor-icon-box-title\">\n\t\t\t\t\t\t<span  >\n\t\t\t\t\t\t\tCARD<br>GIFT\t\t\t\t\t\t<\/span>\n\t\t\t\t\t<\/h5>\n\t\t\t\t\n\t\t\t\t\n\t\t\t<\/div>\n\t\t\t\n\t\t<\/div>\n\t\t\t\t\t\t<\/div>\n\t\t\t\t<\/div>\n\t\t\t\t<\/div>\n\t\t<div class=\"elementor-element elementor-element-5829378 e-con-full e-flex e-con e-child\" data-id=\"5829378\" data-element_type=\"container\" data-e-type=\"container\">\n\t\t\t\t<div class=\"elementor-element elementor-element-b820793 elementor-view-default elementor-position-block-start elementor-mobile-position-block-start elementor-widget elementor-widget-icon-box\" data-id=\"b820793\" data-element_type=\"widget\" data-e-type=\"widget\" data-widget_type=\"icon-box.default\">\n\t\t\t\t<div class=\"elementor-widget-container\">\n\t\t\t\t\t\t\t<div class=\"elementor-icon-box-wrapper\">\n\n\t\t\t\t\t\t<div class=\"elementor-icon-box-icon\">\n\t\t\t\t<span  class=\"elementor-icon\">\n\t\t\t\t<i aria-hidden=\"true\" class=\"fas fa-handshake\"><\/i>\t\t\t\t<\/span>\n\t\t\t<\/div>\n\t\t\t\n\t\t\t\t\t\t<div class=\"elementor-icon-box-content\">\n\n\t\t\t\t\t\t\t\t\t<h5 class=\"elementor-icon-box-title\">\n\t\t\t\t\t\t<span  >\n\t\t\t\t\t\t\tSINCE<br>2011\t\t\t\t\t\t<\/span>\n\t\t\t\t\t<\/h5>\n\t\t\t\t\n\t\t\t\t\n\t\t\t<\/div>\n\t\t\t\n\t\t<\/div>\n\t\t\t\t\t\t<\/div>\n\t\t\t\t<\/div>\n\t\t\t\t<\/div>\n\t\t<div class=\"elementor-element elementor-element-1cca7ff e-con-full e-flex e-con e-child\" data-id=\"1cca7ff\" data-element_type=\"container\" data-e-type=\"container\">\n\t\t\t\t<div class=\"elementor-element elementor-element-e347e28 elementor-view-default elementor-position-block-start elementor-mobile-position-block-start elementor-widget elementor-widget-icon-box\" data-id=\"e347e28\" data-element_type=\"widget\" data-e-type=\"widget\" data-widget_type=\"icon-box.default\">\n\t\t\t\t<div class=\"elementor-widget-container\">\n\t\t\t\t\t\t\t<div class=\"elementor-icon-box-wrapper\">\n\n\t\t\t\t\t\t<div class=\"elementor-icon-box-icon\">\n\t\t\t\t<span  class=\"elementor-icon\">\n\t\t\t\t<i aria-hidden=\"true\" class=\"fas fa-globe-americas\"><\/i>\t\t\t\t<\/span>\n\t\t\t<\/div>\n\t\t\t\n\t\t\t\t\t\t<div class=\"elementor-icon-box-content\">\n\n\t\t\t\t\t\t\t\t\t<h5 class=\"elementor-icon-box-title\">\n\t\t\t\t\t\t<span  >\n\t\t\t\t\t\t\tWORKSHOPS IN FRANCE<br>AND ABROAD\t\t\t\t\t\t<\/span>\n\t\t\t\t\t<\/h5>\n\t\t\t\t\n\t\t\t\t\n\t\t\t<\/div>\n\t\t\t\n\t\t<\/div>\n\t\t\t\t\t\t<\/div>\n\t\t\t\t<\/div>\n\t\t\t\t<\/div>\n\t\t\t\t\t<\/div>\n\t\t\t\t<\/div>\n\t\t\t\t<\/div>\n\t\t","protected":false},"excerpt":{"rendered":"<p>Our workshops in Canada Discover the mysteries of timepieces in our introductory watchmaking workshop!Find the city of your choice among our availabilities in Canada. ATELIER MONTREAL Book TORONTO WORKSHOP Book PAYMENTSECURE CUSTOMER NOTICES4,9\/5 CARDGIFT SINCE2011 WORKSHOPS IN FRANCEAND ABROAD<\/p>\n","protected":false},"author":13,"featured_media":0,"parent":0,"menu_order":0,"comment_status":"closed","ping_status":"closed","template":"elementor_header_footer","meta":{"footnotes":""},"class_list":["post-21789","page","type-page","status-publish","hentry"],"yoast_head":"<!-- This site is optimized with the Yoast SEO plugin v27.4 - https:\/\/yoast.com\/product\/yoast-seo-wordpress\/ -->\n<title>Our workshops in Canada - Objectif Horlogerie : le sp\u00e9cialiste des cours et stages en horlogerie<\/title>\n<meta name=\"robots\" content=\"index, follow, max-snippet:-1, max-image-preview:large, max-video-preview:-1\" \/>\n<link rel=\"canonical\" href=\"https:\/\/www.objectifhorlogerie.com\/en\/our-workshops-in-canada\/\" \/>\n<meta property=\"og:locale\" content=\"en_US\" \/>\n<meta property=\"og:type\" content=\"article\" \/>\n<meta property=\"og:title\" content=\"Our workshops in Canada - Objectif Horlogerie : le sp\u00e9cialiste des cours et stages en horlogerie\" \/>\n<meta property=\"og:description\" content=\"Our workshops in Canada Discover the mysteries of timepieces in our introductory watchmaking workshop!Find the city of your choice among our availabilities in Canada. ATELIER MONTREAL Book TORONTO WORKSHOP Book PAYMENTSECURE CUSTOMER NOTICES4,9\/5 CARDGIFT SINCE2011 WORKSHOPS IN FRANCEAND ABROAD\" \/>\n<meta property=\"og:url\" content=\"https:\/\/www.objectifhorlogerie.com\/en\/our-workshops-in-canada\/\" \/>\n<meta property=\"og:site_name\" content=\"Objectif Horlogerie : le sp\u00e9cialiste des cours et stages en horlogerie\" \/>\n<meta property=\"article:modified_time\" content=\"2024-07-04T12:26:09+00:00\" \/>\n<meta property=\"og:image\" content=\"https:\/\/www.objectifhorlogerie.com\/wp-content\/uploads\/2018\/02\/Master-Time-2-768x512.jpg\" \/>\n<meta name=\"twitter:card\" content=\"summary_large_image\" \/>\n<!-- \/ Yoast SEO plugin. -->","yoast_head_json":{"title":"Our workshops in Canada - Objectif Horlogerie : le sp\u00e9cialiste des cours et stages en horlogerie","robots":{"index":"index","follow":"follow","max-snippet":"max-snippet:-1","max-image-preview":"max-image-preview:large","max-video-preview":"max-video-preview:-1"},"canonical":"https:\/\/www.objectifhorlogerie.com\/en\/our-workshops-in-canada\/","og_locale":"en_US","og_type":"article","og_title":"Our workshops in Canada - Objectif Horlogerie : le sp\u00e9cialiste des cours et stages en horlogerie","og_description":"Our workshops in Canada Discover the mysteries of timepieces in our introductory watchmaking workshop!Find the city of your choice among our availabilities in Canada. ATELIER MONTREAL Book TORONTO WORKSHOP Book PAYMENTSECURE CUSTOMER NOTICES4,9\/5 CARDGIFT SINCE2011 WORKSHOPS IN FRANCEAND ABROAD","og_url":"https:\/\/www.objectifhorlogerie.com\/en\/our-workshops-in-canada\/","og_site_name":"Objectif Horlogerie : le sp\u00e9cialiste des cours et stages en horlogerie","article_modified_time":"2024-07-04T12:26:09+00:00","og_image":[{"url":"https:\/\/www.objectifhorlogerie.com\/wp-content\/uploads\/2018\/02\/Master-Time-2-768x512.jpg","type":"","width":"","height":""}],"twitter_card":"summary_large_image","schema":{"@context":"https:\/\/schema.org","@graph":[{"@type":"WebPage","@id":"https:\/\/www.objectifhorlogerie.com\/en\/our-workshops-in-canada\/","url":"https:\/\/www.objectifhorlogerie.com\/en\/our-workshops-in-canada\/","name":"Our workshops in Canada - Objectif Horlogerie : le sp\u00e9cialiste des cours et stages en horlogerie","isPartOf":{"@id":"https:\/\/www.objectifhorlogerie.com\/en\/#website"},"primaryImageOfPage":{"@id":"https:\/\/www.objectifhorlogerie.com\/en\/our-workshops-in-canada\/#primaryimage"},"image":{"@id":"https:\/\/www.objectifhorlogerie.com\/en\/our-workshops-in-canada\/#primaryimage"},"thumbnailUrl":"https:\/\/www.objectifhorlogerie.com\/wp-content\/uploads\/2018\/02\/Master-Time-2-768x512.jpg","datePublished":"2024-06-10T20:56:17+00:00","dateModified":"2024-07-04T12:26:09+00:00","breadcrumb":{"@id":"https:\/\/www.objectifhorlogerie.com\/en\/our-workshops-in-canada\/#breadcrumb"},"inLanguage":"en-US","potentialAction":[{"@type":"ReadAction","target":["https:\/\/www.objectifhorlogerie.com\/en\/our-workshops-in-canada\/"]}]},{"@type":"ImageObject","inLanguage":"en-US","@id":"https:\/\/www.objectifhorlogerie.com\/en\/our-workshops-in-canada\/#primaryimage","url":"https:\/\/www.objectifhorlogerie.com\/wp-content\/uploads\/2018\/02\/Master-Time-2-768x512.jpg","contentUrl":"https:\/\/www.objectifhorlogerie.com\/wp-content\/uploads\/2018\/02\/Master-Time-2-768x512.jpg"},{"@type":"BreadcrumbList","@id":"https:\/\/www.objectifhorlogerie.com\/en\/our-workshops-in-canada\/#breadcrumb","itemListElement":[{"@type":"ListItem","position":1,"name":"Accueil","item":"https:\/\/www.objectifhorlogerie.com\/en\/"},{"@type":"ListItem","position":2,"name":"Our workshops in Canada"}]},{"@type":"WebSite","@id":"https:\/\/www.objectifhorlogerie.com\/en\/#website","url":"https:\/\/www.objectifhorlogerie.com\/en\/","name":"%%title%% : Objectif Horlogerie","description":"Depuis plus de 10 ans, la r\u00e9f\u00e9rence des initiations \u00e0 l&#039;horlogerie pour tous.","publisher":{"@id":"https:\/\/www.objectifhorlogerie.com\/en\/#organization"},"potentialAction":[{"@type":"SearchAction","target":{"@type":"EntryPoint","urlTemplate":"https:\/\/www.objectifhorlogerie.com\/en\/?s={search_term_string}"},"query-input":{"@type":"PropertyValueSpecification","valueRequired":true,"valueName":"search_term_string"}}],"inLanguage":"en-US"},{"@type":"Organization","@id":"https:\/\/www.objectifhorlogerie.com\/en\/#organization","name":"%%title%% : Objectif Horlogerie","url":"https:\/\/www.objectifhorlogerie.com\/en\/","logo":{"@type":"ImageObject","inLanguage":"en-US","@id":"https:\/\/www.objectifhorlogerie.com\/en\/#\/schema\/logo\/image\/","url":"https:\/\/www.objectifhorlogerie.com\/wp-content\/uploads\/2023\/09\/cropped-logo-oh.png","contentUrl":"https:\/\/www.objectifhorlogerie.com\/wp-content\/uploads\/2023\/09\/cropped-logo-oh.png","width":928,"height":321,"caption":"%%title%% : Objectif Horlogerie"},"image":{"@id":"https:\/\/www.objectifhorlogerie.com\/en\/#\/schema\/logo\/image\/"}}]}},"_links":{"self":[{"href":"https:\/\/www.objectifhorlogerie.com\/en\/wp-json\/wp\/v2\/pages\/21789","targetHints":{"allow":["GET"]}}],"collection":[{"href":"https:\/\/www.objectifhorlogerie.com\/en\/wp-json\/wp\/v2\/pages"}],"about":[{"href":"https:\/\/www.objectifhorlogerie.com\/en\/wp-json\/wp\/v2\/types\/page"}],"author":[{"embeddable":true,"href":"https:\/\/www.objectifhorlogerie.com\/en\/wp-json\/wp\/v2\/users\/13"}],"replies":[{"embeddable":true,"href":"https:\/\/www.objectifhorlogerie.com\/en\/wp-json\/wp\/v2\/comments?post=21789"}],"version-history":[{"count":4,"href":"https:\/\/www.objectifhorlogerie.com\/en\/wp-json\/wp\/v2\/pages\/21789\/revisions"}],"predecessor-version":[{"id":23605,"href":"https:\/\/www.objectifhorlogerie.com\/en\/wp-json\/wp\/v2\/pages\/21789\/revisions\/23605"}],"wp:attachment":[{"href":"https:\/\/www.objectifhorlogerie.com\/en\/wp-json\/wp\/v2\/media?parent=21789"}],"curies":[{"name":"wp","href":"https:\/\/api.w.org\/{rel}","templated":true}]}}