{"id":17111,"date":"2019-11-27T10:42:17","date_gmt":"2019-11-27T10:42:17","guid":{"rendered":"https:\/\/www.objectifhorlogerie.com\/produit\/watchmaking-courses-in-paris\/"},"modified":"2024-06-30T20:13:45","modified_gmt":"2024-06-30T20:13:45","slug":"cours-dhorlogerie-lille","status":"publish","type":"product","link":"https:\/\/www.objectifhorlogerie.com\/en\/cours-dhorlogerie-lille\/","title":{"rendered":"Watchmaking courses &#8211; Lille"},"content":{"rendered":"<div class=\"jas-container\">\n<div class=\"vc_row\">\n<div class=\"wpb_column vc_column_container vc_col-sm-12\">\n<div class=\"vc_column-inner \">\n<div class=\"wpb_wrapper\">\n<div class=\"wpb_text_column wpb_content_element \">\n<div class=\"wpb_wrapper\"><\/div>\n<\/p><\/div>\n<\/p><\/div>\n<\/p><\/div>\n<\/p><\/div>\n<\/p><\/div>\n<\/p><\/div>\n<div class=\"jas-container\">\n<div class=\"vc_row\">\n<div class=\"wpb_column vc_column_container vc_col-sm-6\">\n<div class=\"vc_column-inner \">\n<div class=\"wpb_wrapper\">\n<div class=\"wpb_text_column wpb_content_element vc_custom_1505981874752\">\n<div class=\"wpb_wrapper\">\n<h5>  Description<\/h5>\n<\/p><\/div>\n<\/p><\/div>\n<div class=\"wpb_text_column wpb_content_element \">\n<div class=\"wpb_wrapper\">\n<ul>\n<li>Master Time introductory watchmaking workshop in Paris with private tuition<\/li>\n<li>Location: 48 rue de Rivoli, Paris 75004<\/li>\n<li>Duration: 4h30 private lessons (morning or afternoon), weekdays from Tuesday to Friday by appointment<\/li>\n<li>Free OH Workshop Support book!<\/li>\n<li>Level required: none<\/li>\n<\/ul><\/div>\n<\/p><\/div>\n<\/p><\/div>\n<\/p><\/div>\n<\/p><\/div>\n<div class=\"wpb_column vc_column_container vc_col-sm-6\">\n<div class=\"vc_column-inner \">\n<div class=\"wpb_wrapper\">\n<div class=\"wpb_text_column wpb_content_element vc_custom_1505817822505\">\n<div class=\"wpb_wrapper\">\n<h5><img decoding=\"async\" class=\"alignnone size-full wp-image-6386\" src=\"https:\/\/www.ohselection.com\/wp-content\/uploads\/2017\/07\/Capture-d%E2%80%99e%C4%9Bcran-2017-08-02-a%C4%9A-15.48.12.png\" alt=\"\" width=\"50\">  Our expert&#8217;s opinion<\/h5>\n<\/p><\/div>\n<\/p><\/div>\n<div class=\"wpb_text_column wpb_content_element \">\n<div class=\"wpb_wrapper\">\n<p><img decoding=\"async\" class=\" wp-image-6394 alignleft\" src=\"https:\/\/www.objectifhorlogerie.com\/wp-content\/uploads\/2017\/07\/JY-263x300.png\" alt=\"\" width=\"103\" height=\"118\">&#8221; <i>If you&#8217;re a watchmaking enthusiast or a watch aficionado, this is the course for you <\/i>.<i>It will enable you to discover in depth the secrets and mysteries of watch mechanisms.<\/i> &#8221;<\/p>\n<\/div><\/div>\n<\/p><\/div>\n<\/p><\/div>\n<\/p><\/div>\n<\/p><\/div>\n<\/p><\/div>\n<div class=\"jas-container\">\n<div class=\"vc_row\">\n<div class=\"wpb_column vc_column_container vc_col-sm-12\">\n<div class=\"vc_column-inner \">\n<div class=\"wpb_wrapper\">\n<div class=\"wpb_text_column wpb_content_element \">\n<div class=\"wpb_wrapper\">\n<p class=\"p1\">\n                          <span class=\"s1\">This workshop takes place in private lessons with one of our watchmakers in our workshop at 48 rue de Rivoli in Paris. We offer a tailor-made program for watchmaking enthusiasts, adapting to your level to help you discover Haute Horlogerie from the inside (polishing, hand bevelling, finishing, dismantling, reassembly, adjustment, lubrication&#8230;).<\/span><br \/>\n                          <a id=\"LPlnk902824\" class=\"x_OWAAutoLink\" href=\"https:\/\/www.objectifhorlogerie.fr\/outils-horlogers\/\" target=\"_blank\" rel=\"noopener noreferrer\"><\/a>\n                        <\/p>\n<\/p><\/div>\n<\/p><\/div>\n<\/p><\/div>\n<\/p><\/div>\n<\/p><\/div>\n<\/p><\/div>\n<\/p><\/div>\n","protected":false},"excerpt":{"rendered":"<p>          <i>If you&#8217;re a watchmaking enthusiast, this is the right course for you.  <\/i><br \/>\n          <i>This will enable you to discover in depth the secrets and mysteries of watch mechanisms.<\/i><\/p>\n","protected":false},"featured_media":16748,"comment_status":"closed","ping_status":"closed","template":"","meta":[],"product_brand":[],"product_cat":[122],"product_tag":[],"class_list":{"0":"post-17111","1":"product","2":"type-product","3":"status-publish","4":"has-post-thumbnail","6":"product_cat-workshop","8":"first","9":"instock","10":"downloadable","11":"virtual","12":"purchasable","13":"product-type-simple"},"yoast_head":"<!-- This site is optimized with the Yoast SEO plugin v27.4 - https:\/\/yoast.com\/product\/yoast-seo-wordpress\/ -->\n<title>Watchmaking courses - Lille - Objectif Horlogerie : le sp\u00e9cialiste des cours et stages en horlogerie<\/title>\n<meta name=\"robots\" content=\"index, follow, max-snippet:-1, max-image-preview:large, max-video-preview:-1\" \/>\n<link rel=\"canonical\" href=\"https:\/\/www.objectifhorlogerie.com\/en\/cours-dhorlogerie-lille\/\" \/>\n<meta property=\"og:locale\" content=\"en_US\" \/>\n<meta property=\"og:type\" content=\"article\" \/>\n<meta property=\"og:title\" content=\"Watchmaking courses - Lille - Objectif Horlogerie : le sp\u00e9cialiste des cours et stages en horlogerie\" \/>\n<meta property=\"og:description\" content=\"If you&#039;re a watchmaking enthusiast, this is the right course for you.       This will enable you to discover in depth the secrets and mysteries of watch mechanisms.\" \/>\n<meta property=\"og:url\" content=\"https:\/\/www.objectifhorlogerie.com\/en\/cours-dhorlogerie-lille\/\" \/>\n<meta property=\"og:site_name\" content=\"Objectif Horlogerie : le sp\u00e9cialiste des cours et stages en horlogerie\" \/>\n<meta property=\"article:modified_time\" content=\"2024-06-30T20:13:45+00:00\" \/>\n<meta property=\"og:image\" content=\"https:\/\/www.objectifhorlogerie.com\/wp-content\/uploads\/2018\/05\/ce-2_1000px.jpg\" \/>\n\t<meta property=\"og:image:width\" content=\"1000\" \/>\n\t<meta property=\"og:image:height\" content=\"1000\" \/>\n\t<meta property=\"og:image:type\" content=\"image\/jpeg\" \/>\n<meta name=\"twitter:card\" content=\"summary_large_image\" \/>\n<meta name=\"twitter:label1\" content=\"Est. reading time\" \/>\n\t<meta name=\"twitter:data1\" content=\"1 minute\" \/>\n<!-- \/ Yoast SEO plugin. -->","yoast_head_json":{"title":"Watchmaking courses - Lille - Objectif Horlogerie : le sp\u00e9cialiste des cours et stages en horlogerie","robots":{"index":"index","follow":"follow","max-snippet":"max-snippet:-1","max-image-preview":"max-image-preview:large","max-video-preview":"max-video-preview:-1"},"canonical":"https:\/\/www.objectifhorlogerie.com\/en\/cours-dhorlogerie-lille\/","og_locale":"en_US","og_type":"article","og_title":"Watchmaking courses - Lille - Objectif Horlogerie : le sp\u00e9cialiste des cours et stages en horlogerie","og_description":"If you're a watchmaking enthusiast, this is the right course for you.       This will enable you to discover in depth the secrets and mysteries of watch mechanisms.","og_url":"https:\/\/www.objectifhorlogerie.com\/en\/cours-dhorlogerie-lille\/","og_site_name":"Objectif Horlogerie : le sp\u00e9cialiste des cours et stages en horlogerie","article_modified_time":"2024-06-30T20:13:45+00:00","og_image":[{"width":1000,"height":1000,"url":"https:\/\/www.objectifhorlogerie.com\/wp-content\/uploads\/2018\/05\/ce-2_1000px.jpg","type":"image\/jpeg"}],"twitter_card":"summary_large_image","twitter_misc":{"Est. reading time":"1 minute"},"schema":{"@context":"https:\/\/schema.org","@graph":[{"@type":"WebPage","@id":"https:\/\/www.objectifhorlogerie.com\/en\/cours-dhorlogerie-lille\/","url":"https:\/\/www.objectifhorlogerie.com\/en\/cours-dhorlogerie-lille\/","name":"Watchmaking courses - Lille - Objectif Horlogerie : le sp\u00e9cialiste des cours et stages en horlogerie","isPartOf":{"@id":"https:\/\/www.objectifhorlogerie.com\/en\/#website"},"primaryImageOfPage":{"@id":"https:\/\/www.objectifhorlogerie.com\/en\/cours-dhorlogerie-lille\/#primaryimage"},"image":{"@id":"https:\/\/www.objectifhorlogerie.com\/en\/cours-dhorlogerie-lille\/#primaryimage"},"thumbnailUrl":"https:\/\/www.objectifhorlogerie.com\/wp-content\/uploads\/2018\/05\/ce-2_1000px.jpg","datePublished":"2019-11-27T10:42:17+00:00","dateModified":"2024-06-30T20:13:45+00:00","breadcrumb":{"@id":"https:\/\/www.objectifhorlogerie.com\/en\/cours-dhorlogerie-lille\/#breadcrumb"},"inLanguage":"en-US","potentialAction":[{"@type":"ReadAction","target":["https:\/\/www.objectifhorlogerie.com\/en\/cours-dhorlogerie-lille\/"]}]},{"@type":"ImageObject","inLanguage":"en-US","@id":"https:\/\/www.objectifhorlogerie.com\/en\/cours-dhorlogerie-lille\/#primaryimage","url":"https:\/\/www.objectifhorlogerie.com\/wp-content\/uploads\/2018\/05\/ce-2_1000px.jpg","contentUrl":"https:\/\/www.objectifhorlogerie.com\/wp-content\/uploads\/2018\/05\/ce-2_1000px.jpg","width":1000,"height":1000},{"@type":"BreadcrumbList","@id":"https:\/\/www.objectifhorlogerie.com\/en\/cours-dhorlogerie-lille\/#breadcrumb","itemListElement":[{"@type":"ListItem","position":1,"name":"Accueil","item":"https:\/\/www.objectifhorlogerie.com\/en\/"},{"@type":"ListItem","position":2,"name":"Products","item":"https:\/\/www.objectifhorlogerie.com\/en\/shop\/"},{"@type":"ListItem","position":3,"name":"Watchmaking courses &#8211; Lille"}]},{"@type":"WebSite","@id":"https:\/\/www.objectifhorlogerie.com\/en\/#website","url":"https:\/\/www.objectifhorlogerie.com\/en\/","name":"%%title%% : Objectif Horlogerie","description":"Depuis plus de 10 ans, la r\u00e9f\u00e9rence des initiations \u00e0 l&#039;horlogerie pour tous.","publisher":{"@id":"https:\/\/www.objectifhorlogerie.com\/en\/#organization"},"potentialAction":[{"@type":"SearchAction","target":{"@type":"EntryPoint","urlTemplate":"https:\/\/www.objectifhorlogerie.com\/en\/?s={search_term_string}"},"query-input":{"@type":"PropertyValueSpecification","valueRequired":true,"valueName":"search_term_string"}}],"inLanguage":"en-US"},{"@type":"Organization","@id":"https:\/\/www.objectifhorlogerie.com\/en\/#organization","name":"%%title%% : Objectif Horlogerie","url":"https:\/\/www.objectifhorlogerie.com\/en\/","logo":{"@type":"ImageObject","inLanguage":"en-US","@id":"https:\/\/www.objectifhorlogerie.com\/en\/#\/schema\/logo\/image\/","url":"https:\/\/www.objectifhorlogerie.com\/wp-content\/uploads\/2023\/09\/cropped-logo-oh.png","contentUrl":"https:\/\/www.objectifhorlogerie.com\/wp-content\/uploads\/2023\/09\/cropped-logo-oh.png","width":928,"height":321,"caption":"%%title%% : Objectif Horlogerie"},"image":{"@id":"https:\/\/www.objectifhorlogerie.com\/en\/#\/schema\/logo\/image\/"}}]}},"_links":{"self":[{"href":"https:\/\/www.objectifhorlogerie.com\/en\/wp-json\/wp\/v2\/product\/17111","targetHints":{"allow":["GET"]}}],"collection":[{"href":"https:\/\/www.objectifhorlogerie.com\/en\/wp-json\/wp\/v2\/product"}],"about":[{"href":"https:\/\/www.objectifhorlogerie.com\/en\/wp-json\/wp\/v2\/types\/product"}],"replies":[{"embeddable":true,"href":"https:\/\/www.objectifhorlogerie.com\/en\/wp-json\/wp\/v2\/comments?post=17111"}],"version-history":[{"count":1,"href":"https:\/\/www.objectifhorlogerie.com\/en\/wp-json\/wp\/v2\/product\/17111\/revisions"}],"predecessor-version":[{"id":23263,"href":"https:\/\/www.objectifhorlogerie.com\/en\/wp-json\/wp\/v2\/product\/17111\/revisions\/23263"}],"wp:featuredmedia":[{"embeddable":true,"href":"https:\/\/www.objectifhorlogerie.com\/en\/wp-json\/wp\/v2\/media\/16748"}],"wp:attachment":[{"href":"https:\/\/www.objectifhorlogerie.com\/en\/wp-json\/wp\/v2\/media?parent=17111"}],"wp:term":[{"taxonomy":"product_brand","embeddable":true,"href":"https:\/\/www.objectifhorlogerie.com\/en\/wp-json\/wp\/v2\/product_brand?post=17111"},{"taxonomy":"product_cat","embeddable":true,"href":"https:\/\/www.objectifhorlogerie.com\/en\/wp-json\/wp\/v2\/product_cat?post=17111"},{"taxonomy":"product_tag","embeddable":true,"href":"https:\/\/www.objectifhorlogerie.com\/en\/wp-json\/wp\/v2\/product_tag?post=17111"}],"curies":[{"name":"wp","href":"https:\/\/api.w.org\/{rel}","templated":true}]}}