{"id":22731,"date":"2024-06-25T07:47:53","date_gmt":"2024-06-25T07:47:53","guid":{"rendered":"https:\/\/www.objectifhorlogerie.com\/?post_type=product&#038;p=22731"},"modified":"2024-08-09T07:43:52","modified_gmt":"2024-08-09T07:43:52","slug":"watchmaking-master-time","status":"publish","type":"product","link":"https:\/\/www.objectifhorlogerie.com\/en\/watchmaking-master-time\/","title":{"rendered":"Private watchmaking lessons &#8211; Master Time in Paris"},"content":{"rendered":"<p>&nbsp;<\/p>\n<div class=\"jas-container\">\n<div class=\"vc_row\">\n<div class=\"wpb_column vc_column_container vc_col-sm-12\">\n<div class=\"vc_column-inner \">\n<div class=\"wpb_wrapper\">\n<div class=\"wpb_text_column wpb_content_element \">\n<div class=\"wpb_wrapper\"><\/div>\n<\/div>\n<\/div>\n<\/div>\n<\/div>\n<\/div>\n<\/div>\n<div class=\"jas-container\">\n<div class=\"vc_row\">\n<div class=\"wpb_column vc_column_container vc_col-sm-6\">\n<div class=\"vc_column-inner \">\n<div class=\"wpb_wrapper\">\n<div class=\"wpb_text_column wpb_content_element vc_custom_1505981874752\">\n<div class=\"wpb_wrapper\">\n<h5><\/h5>\n<\/div>\n<\/div>\n<\/div>\n<\/div>\n<\/div>\n<\/div>\n<\/div>\n","protected":false},"excerpt":{"rendered":"<p><i>If you&#8217;re a watchmaking enthusiast, this is the right course for you. <\/i><br \/>\n<i>This will enable you to discover in depth the secrets and mysteries of watch mechanisms.<\/i><\/p>\n","protected":false},"featured_media":20409,"comment_status":"closed","ping_status":"closed","template":"","meta":[],"product_brand":[],"product_cat":[122],"product_tag":[],"class_list":{"0":"post-22731","1":"product","2":"type-product","3":"status-publish","4":"has-post-thumbnail","6":"product_cat-workshop","8":"first","9":"instock","10":"downloadable","11":"virtual","12":"purchasable","13":"product-type-simple"},"yoast_head":"<!-- This site is optimized with the Yoast SEO plugin v27.4 - https:\/\/yoast.com\/product\/yoast-seo-wordpress\/ -->\n<title>Private watchmaking lessons - Master Time in Paris - Objectif Horlogerie : le sp\u00e9cialiste des cours et stages en horlogerie<\/title>\n<meta name=\"robots\" content=\"index, follow, max-snippet:-1, max-image-preview:large, max-video-preview:-1\" \/>\n<link rel=\"canonical\" href=\"https:\/\/www.objectifhorlogerie.com\/en\/watchmaking-master-time\/\" \/>\n<meta property=\"og:locale\" content=\"en_US\" \/>\n<meta property=\"og:type\" content=\"article\" \/>\n<meta property=\"og:title\" content=\"Private watchmaking lessons - Master Time in Paris - Objectif Horlogerie : le sp\u00e9cialiste des cours et stages en horlogerie\" \/>\n<meta property=\"og:description\" content=\"If you&#039;re a watchmaking enthusiast, this is the right course for you.  This will enable you to discover in depth the secrets and mysteries of watch mechanisms.\" \/>\n<meta property=\"og:url\" content=\"https:\/\/www.objectifhorlogerie.com\/en\/watchmaking-master-time\/\" \/>\n<meta property=\"og:site_name\" content=\"Objectif Horlogerie : le sp\u00e9cialiste des cours et stages en horlogerie\" \/>\n<meta property=\"article:modified_time\" content=\"2024-08-09T07:43:52+00:00\" \/>\n<meta property=\"og:image\" content=\"https:\/\/www.objectifhorlogerie.com\/wp-content\/uploads\/2023\/11\/Design-sans-titre-3.png\" \/>\n\t<meta property=\"og:image:width\" content=\"1000\" \/>\n\t<meta property=\"og:image:height\" content=\"1000\" \/>\n\t<meta property=\"og:image:type\" content=\"image\/png\" \/>\n<meta name=\"twitter:card\" content=\"summary_large_image\" \/>\n<meta name=\"twitter:label1\" content=\"Est. reading time\" \/>\n\t<meta name=\"twitter:data1\" content=\"1 minute\" \/>\n<!-- \/ Yoast SEO plugin. -->","yoast_head_json":{"title":"Private watchmaking lessons - Master Time in Paris - Objectif Horlogerie : le sp\u00e9cialiste des cours et stages en horlogerie","robots":{"index":"index","follow":"follow","max-snippet":"max-snippet:-1","max-image-preview":"max-image-preview:large","max-video-preview":"max-video-preview:-1"},"canonical":"https:\/\/www.objectifhorlogerie.com\/en\/watchmaking-master-time\/","og_locale":"en_US","og_type":"article","og_title":"Private watchmaking lessons - Master Time in Paris - Objectif Horlogerie : le sp\u00e9cialiste des cours et stages en horlogerie","og_description":"If you're a watchmaking enthusiast, this is the right course for you.  This will enable you to discover in depth the secrets and mysteries of watch mechanisms.","og_url":"https:\/\/www.objectifhorlogerie.com\/en\/watchmaking-master-time\/","og_site_name":"Objectif Horlogerie : le sp\u00e9cialiste des cours et stages en horlogerie","article_modified_time":"2024-08-09T07:43:52+00:00","og_image":[{"width":1000,"height":1000,"url":"https:\/\/www.objectifhorlogerie.com\/wp-content\/uploads\/2023\/11\/Design-sans-titre-3.png","type":"image\/png"}],"twitter_card":"summary_large_image","twitter_misc":{"Est. reading time":"1 minute"},"schema":{"@context":"https:\/\/schema.org","@graph":[{"@type":"WebPage","@id":"https:\/\/www.objectifhorlogerie.com\/en\/watchmaking-master-time\/","url":"https:\/\/www.objectifhorlogerie.com\/en\/watchmaking-master-time\/","name":"Private watchmaking lessons - Master Time in Paris - Objectif Horlogerie : le sp\u00e9cialiste des cours et stages en horlogerie","isPartOf":{"@id":"https:\/\/www.objectifhorlogerie.com\/en\/#website"},"primaryImageOfPage":{"@id":"https:\/\/www.objectifhorlogerie.com\/en\/watchmaking-master-time\/#primaryimage"},"image":{"@id":"https:\/\/www.objectifhorlogerie.com\/en\/watchmaking-master-time\/#primaryimage"},"thumbnailUrl":"https:\/\/www.objectifhorlogerie.com\/wp-content\/uploads\/2023\/11\/Design-sans-titre-3.png","datePublished":"2024-06-25T07:47:53+00:00","dateModified":"2024-08-09T07:43:52+00:00","breadcrumb":{"@id":"https:\/\/www.objectifhorlogerie.com\/en\/watchmaking-master-time\/#breadcrumb"},"inLanguage":"en-US","potentialAction":[{"@type":"ReadAction","target":["https:\/\/www.objectifhorlogerie.com\/en\/watchmaking-master-time\/"]}]},{"@type":"ImageObject","inLanguage":"en-US","@id":"https:\/\/www.objectifhorlogerie.com\/en\/watchmaking-master-time\/#primaryimage","url":"https:\/\/www.objectifhorlogerie.com\/wp-content\/uploads\/2023\/11\/Design-sans-titre-3.png","contentUrl":"https:\/\/www.objectifhorlogerie.com\/wp-content\/uploads\/2023\/11\/Design-sans-titre-3.png","width":1000,"height":1000},{"@type":"BreadcrumbList","@id":"https:\/\/www.objectifhorlogerie.com\/en\/watchmaking-master-time\/#breadcrumb","itemListElement":[{"@type":"ListItem","position":1,"name":"Accueil","item":"https:\/\/www.objectifhorlogerie.com\/en\/"},{"@type":"ListItem","position":2,"name":"Products","item":"https:\/\/www.objectifhorlogerie.com\/en\/shop\/"},{"@type":"ListItem","position":3,"name":"Private watchmaking lessons &#8211; Master Time in Paris"}]},{"@type":"WebSite","@id":"https:\/\/www.objectifhorlogerie.com\/en\/#website","url":"https:\/\/www.objectifhorlogerie.com\/en\/","name":"%%title%% : Objectif Horlogerie","description":"Depuis plus de 10 ans, la r\u00e9f\u00e9rence des initiations \u00e0 l&#039;horlogerie pour tous.","publisher":{"@id":"https:\/\/www.objectifhorlogerie.com\/en\/#organization"},"potentialAction":[{"@type":"SearchAction","target":{"@type":"EntryPoint","urlTemplate":"https:\/\/www.objectifhorlogerie.com\/en\/?s={search_term_string}"},"query-input":{"@type":"PropertyValueSpecification","valueRequired":true,"valueName":"search_term_string"}}],"inLanguage":"en-US"},{"@type":"Organization","@id":"https:\/\/www.objectifhorlogerie.com\/en\/#organization","name":"%%title%% : Objectif Horlogerie","url":"https:\/\/www.objectifhorlogerie.com\/en\/","logo":{"@type":"ImageObject","inLanguage":"en-US","@id":"https:\/\/www.objectifhorlogerie.com\/en\/#\/schema\/logo\/image\/","url":"https:\/\/www.objectifhorlogerie.com\/wp-content\/uploads\/2023\/09\/cropped-logo-oh.png","contentUrl":"https:\/\/www.objectifhorlogerie.com\/wp-content\/uploads\/2023\/09\/cropped-logo-oh.png","width":928,"height":321,"caption":"%%title%% : Objectif Horlogerie"},"image":{"@id":"https:\/\/www.objectifhorlogerie.com\/en\/#\/schema\/logo\/image\/"}}]}},"_links":{"self":[{"href":"https:\/\/www.objectifhorlogerie.com\/en\/wp-json\/wp\/v2\/product\/22731","targetHints":{"allow":["GET"]}}],"collection":[{"href":"https:\/\/www.objectifhorlogerie.com\/en\/wp-json\/wp\/v2\/product"}],"about":[{"href":"https:\/\/www.objectifhorlogerie.com\/en\/wp-json\/wp\/v2\/types\/product"}],"replies":[{"embeddable":true,"href":"https:\/\/www.objectifhorlogerie.com\/en\/wp-json\/wp\/v2\/comments?post=22731"}],"version-history":[{"count":3,"href":"https:\/\/www.objectifhorlogerie.com\/en\/wp-json\/wp\/v2\/product\/22731\/revisions"}],"predecessor-version":[{"id":24122,"href":"https:\/\/www.objectifhorlogerie.com\/en\/wp-json\/wp\/v2\/product\/22731\/revisions\/24122"}],"wp:featuredmedia":[{"embeddable":true,"href":"https:\/\/www.objectifhorlogerie.com\/en\/wp-json\/wp\/v2\/media\/20409"}],"wp:attachment":[{"href":"https:\/\/www.objectifhorlogerie.com\/en\/wp-json\/wp\/v2\/media?parent=22731"}],"wp:term":[{"taxonomy":"product_brand","embeddable":true,"href":"https:\/\/www.objectifhorlogerie.com\/en\/wp-json\/wp\/v2\/product_brand?post=22731"},{"taxonomy":"product_cat","embeddable":true,"href":"https:\/\/www.objectifhorlogerie.com\/en\/wp-json\/wp\/v2\/product_cat?post=22731"},{"taxonomy":"product_tag","embeddable":true,"href":"https:\/\/www.objectifhorlogerie.com\/en\/wp-json\/wp\/v2\/product_tag?post=22731"}],"curies":[{"name":"wp","href":"https:\/\/api.w.org\/{rel}","templated":true}]}}