{"id":22846,"date":"2024-06-26T20:48:25","date_gmt":"2024-06-26T20:48:25","guid":{"rendered":"https:\/\/www.objectifhorlogerie.com\/?post_type=product&#038;p=22846"},"modified":"2024-10-04T09:39:16","modified_gmt":"2024-10-04T09:39:16","slug":"montreal-gift-card","status":"publish","type":"product","link":"https:\/\/www.objectifhorlogerie.com\/en\/montreal-gift-card\/","title":{"rendered":"Objectif Horlogerie Montr\u00e9al gift card"},"content":{"rendered":"<p>We invite you to visit our <a href=\"https:\/\/www.objectifhorlogerie.com\/cours-horlogerie-montreal\/\">Atelier \u00e0 Montr\u00e9al calendar <\/a>to find out when we&#8217;ll be available. <strong>Why choose our Gift Card?<\/strong><\/p>\n<ul>\n<li>You&#8217;ll be sure to please<\/li>\n<li>The recipient of the gift voucher is free to choose the date of the workshop (subject to remaining availability).<\/li>\n<li>An original gift<\/li>\n<\/ul>\n<p class=\"p1\">Offer a unique experience to a watch enthusiast in <strong>Montreal<\/strong> with our Objectif Horlogerie gift card. The recipient can choose the date of the workshop, guaranteeing an unforgettable moment. <strong>Cards are valid for 3 years<\/strong> and are sent by e-mail after purchase.<\/p>\n<h3 style=\"text-align: center;\"><strong>Montreal Gift Card<\/strong><\/h3>\n<p class=\"p1\">Give the gift of an exceptional experience with our gift voucher: a half-day introduction to watchmaking in <strong>Montreal<\/strong>. <strong>Discover the mechanism of watches<\/strong> through hands-on experience. <strong>The perfect gift<\/strong> for watch lovers looking to expand their knowledge! Perfect for a birthday, stag party, retirement, Father&#8217;s Day, Christmas or just to surprise someone.<\/p>\n","protected":false},"excerpt":{"rendered":"<p>Would you like to offer one of our workshops in Montreal to a loved one with a passion for watchmaking? Choose our <strong>Objectif Horlogerie <\/strong><strong>Montr\u00e9al <\/strong> <strong>gift card <\/strong> and be sure to please!<\/p>\n","protected":false},"featured_media":22705,"comment_status":"closed","ping_status":"closed","template":"","meta":[],"product_brand":[],"product_cat":[159],"product_tag":[],"class_list":{"0":"post-22846","1":"product","2":"type-product","3":"status-publish","4":"has-post-thumbnail","6":"product_cat-gift-card","8":"first","9":"instock","10":"purchasable","11":"product-type-pw-gift-card","12":"has-default-attributes"},"yoast_head":"<!-- This site is optimized with the Yoast SEO plugin v27.3 - https:\/\/yoast.com\/product\/yoast-seo-wordpress\/ -->\n<title>Montreal watchmaking gift card: give the gift of a workshop<\/title>\n<meta name=\"description\" content=\"Offer our Objectif Horlogerie gift card for our workshop in Montreal, Canada - Initiation to watchmaking Objectif Horlogerie\" \/>\n<meta name=\"robots\" content=\"index, follow, max-snippet:-1, max-image-preview:large, max-video-preview:-1\" \/>\n<link rel=\"canonical\" href=\"https:\/\/www.objectifhorlogerie.com\/en\/montreal-gift-card\/\" \/>\n<meta property=\"og:locale\" content=\"en_US\" \/>\n<meta property=\"og:type\" content=\"article\" \/>\n<meta property=\"og:title\" content=\"Montreal watchmaking gift card: give the gift of a workshop\" \/>\n<meta property=\"og:description\" content=\"Offer our Objectif Horlogerie gift card for our workshop in Montreal, Canada - Initiation to watchmaking Objectif Horlogerie\" \/>\n<meta property=\"og:url\" content=\"https:\/\/www.objectifhorlogerie.com\/en\/montreal-gift-card\/\" \/>\n<meta property=\"og:site_name\" content=\"Objectif Horlogerie : le sp\u00e9cialiste des cours et stages en horlogerie\" \/>\n<meta property=\"article:modified_time\" content=\"2024-10-04T09:39:16+00:00\" \/>\n<meta property=\"og:image\" content=\"https:\/\/www.objectifhorlogerie.com\/wp-content\/uploads\/2024\/06\/Capture-decran-2024-06-24-a-10.10.01.png\" \/>\n\t<meta property=\"og:image:width\" content=\"467\" \/>\n\t<meta property=\"og:image:height\" content=\"590\" \/>\n\t<meta property=\"og:image:type\" content=\"image\/png\" \/>\n<meta name=\"twitter:card\" content=\"summary_large_image\" \/>\n<meta name=\"twitter:label1\" content=\"Est. reading time\" \/>\n\t<meta name=\"twitter:data1\" content=\"1 minute\" \/>\n<!-- \/ Yoast SEO plugin. -->","yoast_head_json":{"title":"Montreal watchmaking gift card: give the gift of a workshop","description":"Offer our Objectif Horlogerie gift card for our workshop in Montreal, Canada - Initiation to watchmaking Objectif Horlogerie","robots":{"index":"index","follow":"follow","max-snippet":"max-snippet:-1","max-image-preview":"max-image-preview:large","max-video-preview":"max-video-preview:-1"},"canonical":"https:\/\/www.objectifhorlogerie.com\/en\/montreal-gift-card\/","og_locale":"en_US","og_type":"article","og_title":"Montreal watchmaking gift card: give the gift of a workshop","og_description":"Offer our Objectif Horlogerie gift card for our workshop in Montreal, Canada - Initiation to watchmaking Objectif Horlogerie","og_url":"https:\/\/www.objectifhorlogerie.com\/en\/montreal-gift-card\/","og_site_name":"Objectif Horlogerie : le sp\u00e9cialiste des cours et stages en horlogerie","article_modified_time":"2024-10-04T09:39:16+00:00","og_image":[{"width":467,"height":590,"url":"https:\/\/www.objectifhorlogerie.com\/wp-content\/uploads\/2024\/06\/Capture-decran-2024-06-24-a-10.10.01.png","type":"image\/png"}],"twitter_card":"summary_large_image","twitter_misc":{"Est. reading time":"1 minute"},"schema":{"@context":"https:\/\/schema.org","@graph":[{"@type":"WebPage","@id":"https:\/\/www.objectifhorlogerie.com\/en\/montreal-gift-card\/","url":"https:\/\/www.objectifhorlogerie.com\/en\/montreal-gift-card\/","name":"Montreal watchmaking gift card: give the gift of a workshop","isPartOf":{"@id":"https:\/\/www.objectifhorlogerie.com\/en\/#website"},"primaryImageOfPage":{"@id":"https:\/\/www.objectifhorlogerie.com\/en\/montreal-gift-card\/#primaryimage"},"image":{"@id":"https:\/\/www.objectifhorlogerie.com\/en\/montreal-gift-card\/#primaryimage"},"thumbnailUrl":"https:\/\/www.objectifhorlogerie.com\/wp-content\/uploads\/2024\/06\/Capture-decran-2024-06-24-a-10.10.01.png","datePublished":"2024-06-26T20:48:25+00:00","dateModified":"2024-10-04T09:39:16+00:00","description":"Offer our Objectif Horlogerie gift card for our workshop in Montreal, Canada - Initiation to watchmaking Objectif Horlogerie","breadcrumb":{"@id":"https:\/\/www.objectifhorlogerie.com\/en\/montreal-gift-card\/#breadcrumb"},"inLanguage":"en-US","potentialAction":[{"@type":"ReadAction","target":["https:\/\/www.objectifhorlogerie.com\/en\/montreal-gift-card\/"]}]},{"@type":"ImageObject","inLanguage":"en-US","@id":"https:\/\/www.objectifhorlogerie.com\/en\/montreal-gift-card\/#primaryimage","url":"https:\/\/www.objectifhorlogerie.com\/wp-content\/uploads\/2024\/06\/Capture-decran-2024-06-24-a-10.10.01.png","contentUrl":"https:\/\/www.objectifhorlogerie.com\/wp-content\/uploads\/2024\/06\/Capture-decran-2024-06-24-a-10.10.01.png","width":467,"height":590},{"@type":"BreadcrumbList","@id":"https:\/\/www.objectifhorlogerie.com\/en\/montreal-gift-card\/#breadcrumb","itemListElement":[{"@type":"ListItem","position":1,"name":"Accueil","item":"https:\/\/www.objectifhorlogerie.com\/en\/"},{"@type":"ListItem","position":2,"name":"Products","item":"https:\/\/www.objectifhorlogerie.com\/en\/shop\/"},{"@type":"ListItem","position":3,"name":"Objectif Horlogerie Montr\u00e9al gift card"}]},{"@type":"WebSite","@id":"https:\/\/www.objectifhorlogerie.com\/en\/#website","url":"https:\/\/www.objectifhorlogerie.com\/en\/","name":"%%title%% : Objectif Horlogerie","description":"Depuis plus de 10 ans, la r\u00e9f\u00e9rence des initiations \u00e0 l&#039;horlogerie pour tous.","publisher":{"@id":"https:\/\/www.objectifhorlogerie.com\/en\/#organization"},"potentialAction":[{"@type":"SearchAction","target":{"@type":"EntryPoint","urlTemplate":"https:\/\/www.objectifhorlogerie.com\/en\/?s={search_term_string}"},"query-input":{"@type":"PropertyValueSpecification","valueRequired":true,"valueName":"search_term_string"}}],"inLanguage":"en-US"},{"@type":"Organization","@id":"https:\/\/www.objectifhorlogerie.com\/en\/#organization","name":"%%title%% : Objectif Horlogerie","url":"https:\/\/www.objectifhorlogerie.com\/en\/","logo":{"@type":"ImageObject","inLanguage":"en-US","@id":"https:\/\/www.objectifhorlogerie.com\/en\/#\/schema\/logo\/image\/","url":"https:\/\/www.objectifhorlogerie.com\/wp-content\/uploads\/2023\/09\/cropped-logo-oh.png","contentUrl":"https:\/\/www.objectifhorlogerie.com\/wp-content\/uploads\/2023\/09\/cropped-logo-oh.png","width":928,"height":321,"caption":"%%title%% : Objectif Horlogerie"},"image":{"@id":"https:\/\/www.objectifhorlogerie.com\/en\/#\/schema\/logo\/image\/"}}]}},"_links":{"self":[{"href":"https:\/\/www.objectifhorlogerie.com\/en\/wp-json\/wp\/v2\/product\/22846","targetHints":{"allow":["GET"]}}],"collection":[{"href":"https:\/\/www.objectifhorlogerie.com\/en\/wp-json\/wp\/v2\/product"}],"about":[{"href":"https:\/\/www.objectifhorlogerie.com\/en\/wp-json\/wp\/v2\/types\/product"}],"replies":[{"embeddable":true,"href":"https:\/\/www.objectifhorlogerie.com\/en\/wp-json\/wp\/v2\/comments?post=22846"}],"version-history":[{"count":5,"href":"https:\/\/www.objectifhorlogerie.com\/en\/wp-json\/wp\/v2\/product\/22846\/revisions"}],"predecessor-version":[{"id":24472,"href":"https:\/\/www.objectifhorlogerie.com\/en\/wp-json\/wp\/v2\/product\/22846\/revisions\/24472"}],"wp:featuredmedia":[{"embeddable":true,"href":"https:\/\/www.objectifhorlogerie.com\/en\/wp-json\/wp\/v2\/media\/22705"}],"wp:attachment":[{"href":"https:\/\/www.objectifhorlogerie.com\/en\/wp-json\/wp\/v2\/media?parent=22846"}],"wp:term":[{"taxonomy":"product_brand","embeddable":true,"href":"https:\/\/www.objectifhorlogerie.com\/en\/wp-json\/wp\/v2\/product_brand?post=22846"},{"taxonomy":"product_cat","embeddable":true,"href":"https:\/\/www.objectifhorlogerie.com\/en\/wp-json\/wp\/v2\/product_cat?post=22846"},{"taxonomy":"product_tag","embeddable":true,"href":"https:\/\/www.objectifhorlogerie.com\/en\/wp-json\/wp\/v2\/product_tag?post=22846"}],"curies":[{"name":"wp","href":"https:\/\/api.w.org\/{rel}","templated":true}]}}