{"id":26272,"date":"2024-12-12T09:41:57","date_gmt":"2024-12-12T09:41:57","guid":{"rendered":"https:\/\/www.objectifhorlogerie.com\/new-product-with-new-plugin\/"},"modified":"2025-02-20T12:23:14","modified_gmt":"2025-02-20T12:23:14","slug":"new-product-with-new-plugin","status":"publish","type":"product","link":"https:\/\/www.objectifhorlogerie.com\/en\/new-product-with-new-plugin\/","title":{"rendered":"New product with new plugin"},"content":{"rendered":"","protected":false},"excerpt":{"rendered":"","protected":false},"featured_media":0,"comment_status":"closed","ping_status":"closed","template":"","meta":[],"product_brand":[],"product_cat":[141],"product_tag":[],"class_list":{"0":"post-26272","1":"product","2":"type-product","3":"status-publish","5":"product_cat-uncategorized-en","7":"first","8":"instock","9":"downloadable","10":"shipping-taxable","11":"purchasable","12":"product-type-simple"},"yoast_head":"<!-- This site is optimized with the Yoast SEO plugin v27.3 - https:\/\/yoast.com\/product\/yoast-seo-wordpress\/ -->\n<title>New product with new plugin - Objectif Horlogerie : le sp\u00e9cialiste des cours et stages en horlogerie<\/title>\n<meta name=\"robots\" content=\"index, follow, max-snippet:-1, max-image-preview:large, max-video-preview:-1\" \/>\n<link rel=\"canonical\" href=\"https:\/\/www.objectifhorlogerie.com\/en\/new-product-with-new-plugin\/\" \/>\n<meta property=\"og:locale\" content=\"en_US\" \/>\n<meta property=\"og:type\" content=\"article\" \/>\n<meta property=\"og:title\" content=\"New product with new plugin - Objectif Horlogerie : le sp\u00e9cialiste des cours et stages en horlogerie\" \/>\n<meta property=\"og:url\" content=\"https:\/\/www.objectifhorlogerie.com\/en\/new-product-with-new-plugin\/\" \/>\n<meta property=\"og:site_name\" content=\"Objectif Horlogerie : le sp\u00e9cialiste des cours et stages en horlogerie\" \/>\n<meta property=\"article:modified_time\" content=\"2025-02-20T12:23:14+00:00\" \/>\n<meta name=\"twitter:card\" content=\"summary_large_image\" \/>\n<!-- \/ Yoast SEO plugin. -->","yoast_head_json":{"title":"New product with new plugin - Objectif Horlogerie : le sp\u00e9cialiste des cours et stages en horlogerie","robots":{"index":"index","follow":"follow","max-snippet":"max-snippet:-1","max-image-preview":"max-image-preview:large","max-video-preview":"max-video-preview:-1"},"canonical":"https:\/\/www.objectifhorlogerie.com\/en\/new-product-with-new-plugin\/","og_locale":"en_US","og_type":"article","og_title":"New product with new plugin - Objectif Horlogerie : le sp\u00e9cialiste des cours et stages en horlogerie","og_url":"https:\/\/www.objectifhorlogerie.com\/en\/new-product-with-new-plugin\/","og_site_name":"Objectif Horlogerie : le sp\u00e9cialiste des cours et stages en horlogerie","article_modified_time":"2025-02-20T12:23:14+00:00","twitter_card":"summary_large_image","schema":{"@context":"https:\/\/schema.org","@graph":[{"@type":"WebPage","@id":"https:\/\/www.objectifhorlogerie.com\/en\/new-product-with-new-plugin\/","url":"https:\/\/www.objectifhorlogerie.com\/en\/new-product-with-new-plugin\/","name":"New product with new plugin - Objectif Horlogerie : le sp\u00e9cialiste des cours et stages en horlogerie","isPartOf":{"@id":"https:\/\/www.objectifhorlogerie.com\/en\/#website"},"datePublished":"2024-12-12T09:41:57+00:00","dateModified":"2025-02-20T12:23:14+00:00","breadcrumb":{"@id":"https:\/\/www.objectifhorlogerie.com\/en\/new-product-with-new-plugin\/#breadcrumb"},"inLanguage":"en-US","potentialAction":[{"@type":"ReadAction","target":["https:\/\/www.objectifhorlogerie.com\/en\/new-product-with-new-plugin\/"]}]},{"@type":"BreadcrumbList","@id":"https:\/\/www.objectifhorlogerie.com\/en\/new-product-with-new-plugin\/#breadcrumb","itemListElement":[{"@type":"ListItem","position":1,"name":"Accueil","item":"https:\/\/www.objectifhorlogerie.com\/en\/"},{"@type":"ListItem","position":2,"name":"Products","item":"https:\/\/www.objectifhorlogerie.com\/en\/shop\/"},{"@type":"ListItem","position":3,"name":"New product with new plugin"}]},{"@type":"WebSite","@id":"https:\/\/www.objectifhorlogerie.com\/en\/#website","url":"https:\/\/www.objectifhorlogerie.com\/en\/","name":"%%title%% : Objectif Horlogerie","description":"Depuis plus de 10 ans, la r\u00e9f\u00e9rence des initiations \u00e0 l&#039;horlogerie pour tous.","publisher":{"@id":"https:\/\/www.objectifhorlogerie.com\/en\/#organization"},"potentialAction":[{"@type":"SearchAction","target":{"@type":"EntryPoint","urlTemplate":"https:\/\/www.objectifhorlogerie.com\/en\/?s={search_term_string}"},"query-input":{"@type":"PropertyValueSpecification","valueRequired":true,"valueName":"search_term_string"}}],"inLanguage":"en-US"},{"@type":"Organization","@id":"https:\/\/www.objectifhorlogerie.com\/en\/#organization","name":"%%title%% : Objectif Horlogerie","url":"https:\/\/www.objectifhorlogerie.com\/en\/","logo":{"@type":"ImageObject","inLanguage":"en-US","@id":"https:\/\/www.objectifhorlogerie.com\/en\/#\/schema\/logo\/image\/","url":"https:\/\/www.objectifhorlogerie.com\/wp-content\/uploads\/2023\/09\/cropped-logo-oh.png","contentUrl":"https:\/\/www.objectifhorlogerie.com\/wp-content\/uploads\/2023\/09\/cropped-logo-oh.png","width":928,"height":321,"caption":"%%title%% : Objectif Horlogerie"},"image":{"@id":"https:\/\/www.objectifhorlogerie.com\/en\/#\/schema\/logo\/image\/"}}]}},"_links":{"self":[{"href":"https:\/\/www.objectifhorlogerie.com\/en\/wp-json\/wp\/v2\/product\/26272","targetHints":{"allow":["GET"]}}],"collection":[{"href":"https:\/\/www.objectifhorlogerie.com\/en\/wp-json\/wp\/v2\/product"}],"about":[{"href":"https:\/\/www.objectifhorlogerie.com\/en\/wp-json\/wp\/v2\/types\/product"}],"replies":[{"embeddable":true,"href":"https:\/\/www.objectifhorlogerie.com\/en\/wp-json\/wp\/v2\/comments?post=26272"}],"version-history":[{"count":1,"href":"https:\/\/www.objectifhorlogerie.com\/en\/wp-json\/wp\/v2\/product\/26272\/revisions"}],"predecessor-version":[{"id":26276,"href":"https:\/\/www.objectifhorlogerie.com\/en\/wp-json\/wp\/v2\/product\/26272\/revisions\/26276"}],"wp:attachment":[{"href":"https:\/\/www.objectifhorlogerie.com\/en\/wp-json\/wp\/v2\/media?parent=26272"}],"wp:term":[{"taxonomy":"product_brand","embeddable":true,"href":"https:\/\/www.objectifhorlogerie.com\/en\/wp-json\/wp\/v2\/product_brand?post=26272"},{"taxonomy":"product_cat","embeddable":true,"href":"https:\/\/www.objectifhorlogerie.com\/en\/wp-json\/wp\/v2\/product_cat?post=26272"},{"taxonomy":"product_tag","embeddable":true,"href":"https:\/\/www.objectifhorlogerie.com\/en\/wp-json\/wp\/v2\/product_tag?post=26272"}],"curies":[{"name":"wp","href":"https:\/\/api.w.org\/{rel}","templated":true}]}}